{"id":121,"date":"2024-12-20T00:32:35","date_gmt":"2024-12-19T23:32:35","guid":{"rendered":"https:\/\/italsky-preklad.hiseo.cz\/?page_id=121"},"modified":"2025-02-19T23:51:12","modified_gmt":"2025-02-19T22:51:12","slug":"tlumoceni","status":"publish","type":"page","link":"https:\/\/italsky-preklad.hiseo.cz\/it\/tlumoceni\/","title":{"rendered":"Interpretazione"},"content":{"rendered":"<div data-elementor-type=\"wp-page\" data-elementor-id=\"121\" class=\"elementor elementor-121\" data-elementor-post-type=\"page\">\n\t\t\t\t<div class=\"elementor-element elementor-element-9e2e925 e-con-full e-flex e-con e-parent\" data-id=\"9e2e925\" data-element_type=\"container\" data-settings=\"{&quot;background_background&quot;:&quot;none&quot;}\">\n\t\t<div class=\"elementor-element elementor-element-72a61841 e-con-full elementor-hidden-mobile e-flex elementor-invisible e-con e-child\" data-id=\"72a61841\" data-element_type=\"container\" data-settings=\"{&quot;background_background&quot;:&quot;classic&quot;,&quot;animation&quot;:&quot;slideInLeft&quot;}\">\n\t\t\t\t<div class=\"elementor-element elementor-element-2615081e animated-slow elementor-widget__width-initial elementor-invisible elementor-widget elementor-widget-image\" data-id=\"2615081e\" data-element_type=\"widget\" data-settings=\"{&quot;_animation&quot;:&quot;slideInLeft&quot;,&quot;_animation_delay&quot;:100}\" data-widget_type=\"image.default\">\n\t\t\t\t<div class=\"elementor-widget-container\">\n\t\t\t\t\t\t\t\t\t\t\t\t\t\t\t<img fetchpriority=\"high\" decoding=\"async\" width=\"800\" height=\"533\" src=\"https:\/\/italsky-preklad.hiseo.cz\/wp-content\/uploads\/2024\/12\/Italskiy-preklad-b-1024x682.webp\" class=\"attachment-large size-large wp-image-267\" alt=\"\" srcset=\"https:\/\/italsky-preklad.hiseo.cz\/wp-content\/uploads\/2024\/12\/Italskiy-preklad-b-1024x682.webp 1024w, https:\/\/italsky-preklad.hiseo.cz\/wp-content\/uploads\/2024\/12\/Italskiy-preklad-b-300x200.webp 300w, https:\/\/italsky-preklad.hiseo.cz\/wp-content\/uploads\/2024\/12\/Italskiy-preklad-b-768x512.webp 768w, https:\/\/italsky-preklad.hiseo.cz\/wp-content\/uploads\/2024\/12\/Italskiy-preklad-b-1536x1024.webp 1536w, https:\/\/italsky-preklad.hiseo.cz\/wp-content\/uploads\/2024\/12\/Italskiy-preklad-b.webp 2000w\" sizes=\"(max-width: 800px) 100vw, 800px\" \/>\t\t\t\t\t\t\t\t\t\t\t\t\t\t\t<\/div>\n\t\t\t\t<\/div>\n\t\t\t\t<\/div>\n\t\t<div class=\"elementor-element elementor-element-dae6ed8 e-con-full e-flex e-con e-child\" data-id=\"dae6ed8\" data-element_type=\"container\" data-settings=\"{&quot;background_background&quot;:&quot;none&quot;}\">\n\t\t<div class=\"elementor-element elementor-element-4c2c9695 e-flex e-con-boxed e-con e-child\" data-id=\"4c2c9695\" data-element_type=\"container\">\n\t\t\t\t\t<div class=\"e-con-inner\">\n\t\t\t\t<div class=\"elementor-element elementor-element-3605d388 elementor-widget elementor-widget-heading\" data-id=\"3605d388\" data-element_type=\"widget\" data-widget_type=\"heading.default\">\n\t\t\t\t<div class=\"elementor-widget-container\">\n\t\t\t\t\t<h2 class=\"elementor-heading-title elementor-size-default\">Interpretazione<\/h2>\t\t\t\t<\/div>\n\t\t\t\t<\/div>\n\t\t\t\t<div class=\"elementor-element elementor-element-3fba7984 elementor-widget-divider--view-line elementor-widget elementor-widget-divider\" data-id=\"3fba7984\" data-element_type=\"widget\" data-widget_type=\"divider.default\">\n\t\t\t\t<div class=\"elementor-widget-container\">\n\t\t\t\t\t\t\t<div class=\"elementor-divider\">\n\t\t\t<span class=\"elementor-divider-separator\">\n\t\t\t\t\t\t<\/span>\n\t\t<\/div>\n\t\t\t\t\t\t<\/div>\n\t\t\t\t<\/div>\n\t\t\t\t<div class=\"elementor-element elementor-element-78599679 elementor-widget elementor-widget-text-editor\" data-id=\"78599679\" data-element_type=\"widget\" data-widget_type=\"text-editor.default\">\n\t\t\t\t<div class=\"elementor-widget-container\">\n\t\t\t\t\t\t\t\t\t<p><strong>Offro un servizio di interpretariato professionale per garantire una comunicazione fluida in diverse situazioni. Sono specializzata in riunioni di lavoro e tecniche in cui \u00e8 importante non solo l'accuratezza linguistica ma anche la conoscenza della terminologia professionale.<\/strong><\/p><p>Fornisco servizi di interpretariato al telefono o tramite la piattaforma Teams, che consente un'efficace comunicazione a distanza. Fornisco anche assistenza personale durante l'installazione di macchinari quando \u00e8 necessario interpretare in modo rapido e preciso tra il fornitore e il cliente. Il mio servizio \u00e8 adatto anche per la formazione, le presentazioni o le conference call. Mi assicuro di essere professionale, flessibile e di adattarmi alle esigenze del cliente.<\/p>\t\t\t\t\t\t\t\t<\/div>\n\t\t\t\t<\/div>\n\t\t\t\t\t<\/div>\n\t\t\t\t<\/div>\n\t\t\t\t<\/div>\n\t\t\t\t<\/div>\n\t\t<div class=\"elementor-element elementor-element-3999e39 e-flex e-con-boxed e-con e-parent\" data-id=\"3999e39\" data-element_type=\"container\">\n\t\t\t\t\t<div class=\"e-con-inner\">\n\t\t\t\t<div class=\"elementor-element elementor-element-75245c6 elementor-widget elementor-widget-text-editor\" data-id=\"75245c6\" data-element_type=\"widget\" data-widget_type=\"text-editor.default\">\n\t\t\t\t<div class=\"elementor-widget-container\">\n\t\t\t\t\t\t\t\t\t<h2 style=\"text-align: left;\"><strong>Pratica<\/strong><\/h2><ul><li>industria automobilistica, produzione di auto e autobus<\/li><li>sistemi di trasporto, trasportatori aerei elettrici<\/li><li>linea di produzione di pannelli di fibra<\/li><li>linea di produzione di articoli sanitari<\/li><li>linea di produzione di pietra artificiale<\/li><li>linea di produzione di vetro per auto<\/li><li>linea di fonderia per ruote in lega leggera<\/li><li>linea di produzione di materassi in memory foam<\/li><li>Linea di produzione di laminati HPL<\/li><li>linea di riempimento nell'industria alimentare (bevande zuccherate, latte)<\/li><li>linea pasticceria<\/li><li>strutture per lo smaltimento ecologico delle carcasse di autovetture<\/li><li>apicoltura \/foto\/<\/li><\/ul>\t\t\t\t\t\t\t\t<\/div>\n\t\t\t\t<\/div>\n\t\t\t\t\t<\/div>\n\t\t\t\t<\/div>\n\t\t<div class=\"elementor-element elementor-element-444ac4f e-flex e-con-boxed e-con e-parent\" data-id=\"444ac4f\" data-element_type=\"container\">\n\t\t\t\t\t<div class=\"e-con-inner\">\n\t\t<div class=\"elementor-element elementor-element-5f96a8b e-con-full e-flex e-con e-child\" data-id=\"5f96a8b\" data-element_type=\"container\">\n\t\t\t\t<div class=\"elementor-element elementor-element-53b7137 elementor-widget elementor-widget-heading\" data-id=\"53b7137\" data-element_type=\"widget\" data-widget_type=\"heading.default\">\n\t\t\t\t<div class=\"elementor-widget-container\">\n\t\t\t\t\t<h2 class=\"elementor-heading-title elementor-size-default\">Listino prezzi<\/h2>\t\t\t\t<\/div>\n\t\t\t\t<\/div>\n\t\t\t\t<div class=\"elementor-element elementor-element-b4485a3 elementor-widget elementor-widget-price-list\" data-id=\"b4485a3\" data-element_type=\"widget\" data-widget_type=\"price-list.default\">\n\t\t\t\t<div class=\"elementor-widget-container\">\n\t\t\t\t\t\n\t\t<ul class=\"elementor-price-list\">\n\n\t\t\t\t\t\t\t\t\t<li><a class=\"elementor-price-list-item\" href=\"#\">\t\t\t\t\n\t\t\t\t<div class=\"elementor-price-list-text\">\n\t\t\t\t\t\t\t\t\t<div class=\"elementor-price-list-header\">\n\t\t\t\t\t\t\t\t\t\t\t<span class=\"elementor-price-list-title\">\n\t\t\t\t\t\t\t4 ore\t\t\t\t\t\t<\/span>\n\t\t\t\t\t\t\t\t\t\t\t\t\t\t\t\t\t\t<span class=\"elementor-price-list-separator\"><\/span>\n\t\t\t\t\t\t\t\t\t\t\t\t\t\t\t\t\t\t\t<span class=\"elementor-price-list-price\">A partire da 3000,- CZK<\/span>\n\t\t\t\t\t\t\t\t\t\t<\/div>\n\t\t\t\t\t\t\t\t\t\t\t\t<\/div>\n\t\t\t\t<\/a><\/li>\t\t\t\t\t\t\t\t\t\t\t\t<li><a class=\"elementor-price-list-item\" href=\"#\">\t\t\t\t\n\t\t\t\t<div class=\"elementor-price-list-text\">\n\t\t\t\t\t\t\t\t\t<div class=\"elementor-price-list-header\">\n\t\t\t\t\t\t\t\t\t\t\t<span class=\"elementor-price-list-title\">\n\t\t\t\t\t\t\tGiorno lavorativo\t\t\t\t\t\t<\/span>\n\t\t\t\t\t\t\t\t\t\t\t\t\t\t\t\t\t\t<span class=\"elementor-price-list-separator\"><\/span>\n\t\t\t\t\t\t\t\t\t\t\t\t\t\t\t\t\t\t\t<span class=\"elementor-price-list-price\">A partire da 6000,- CZK<\/span>\n\t\t\t\t\t\t\t\t\t\t<\/div>\n\t\t\t\t\t\t\t\t\t\t\t\t<\/div>\n\t\t\t\t<\/a><\/li>\t\t\t\t\t\n\t\t<\/ul>\n\n\t\t\t\t\t\t<\/div>\n\t\t\t\t<\/div>\n\t\t\t\t<div class=\"elementor-element elementor-element-7ee9e9d elementor-widget elementor-widget-text-editor\" data-id=\"7ee9e9d\" data-element_type=\"widget\" data-widget_type=\"text-editor.default\">\n\t\t\t\t<div class=\"elementor-widget-container\">\n\t\t\t\t\t\t\t\t\t<ol><li>Il prezzo per un lavoro specifico viene stabilito prima dell'inizio del lavoro, tenendo conto dei tempi, del problema, del luogo di interpretazione, ecc...<\/li><li>La durata di una giornata lavorativa \u00e8 di 8 ore, comprese le pause e le interruzioni.<\/li><li>L'interpretazione che supera le 8 ore viene addebitata a una tariffa oraria.<\/li><li>L'interpretazione minima richiesta \u00e8 di mezza giornata lavorativa.<\/li><\/ol><p><strong><br \/>In caso di interpretariato al di fuori del distretto di Pardubice, vengono addebitate le spese di viaggio.<\/strong><\/p>\t\t\t\t\t\t\t\t<\/div>\n\t\t\t\t<\/div>\n\t\t\t\t<\/div>\n\t\t\t\t\t<\/div>\n\t\t\t\t<\/div>\n\t\t\t\t<\/div>","protected":false},"excerpt":{"rendered":"<p>Tlumo\u010den\u00ed Nab\u00edz\u00edm profesion\u00e1ln\u00ed tlumo\u010dnickou slu\u017ebu, kter\u00e1 zajist\u00ed hladkou komunikaci v r\u016fzn\u00fdch situac\u00edch. Specializuji se na obchodn\u00ed a technick\u00e1 jedn\u00e1n\u00ed, kde je d\u016fle\u017eit\u00e1 nejen jazykov\u00e1 p\u0159esnost, ale i znalost odborn\u00e9 terminologie. Zaji\u0161\u0165uji tlumo\u010den\u00ed po telefonu nebo prost\u0159ednictv\u00edm platformy Teams, co\u017e umo\u017e\u0148uje efektivn\u00ed komunikaci na d\u00e1lku. D\u00e1le poskytuji osobn\u00ed asistenci p\u0159i instalaci strojn\u00edch za\u0159\u00edzen\u00ed, kdy je nutn\u00e9 [&hellip;]<\/p>","protected":false},"author":1,"featured_media":0,"parent":0,"menu_order":0,"comment_status":"closed","ping_status":"closed","template":"","meta":{"footnotes":""},"class_list":["post-121","page","type-page","status-publish","hentry"],"yoast_head":"<!-- This site is optimized with the Yoast SEO plugin v24.1 - https:\/\/yoast.com\/wordpress\/plugins\/seo\/ -->\n<title>Tlumo\u010den\u00ed - italsky-preklad<\/title>\n<meta name=\"robots\" content=\"index, follow, max-snippet:-1, max-image-preview:large, max-video-preview:-1\" \/>\n<link rel=\"canonical\" href=\"https:\/\/italsky-preklad.hiseo.cz\/it\/tlumoceni\/\" \/>\n<meta property=\"og:locale\" content=\"it_IT\" \/>\n<meta property=\"og:type\" content=\"article\" \/>\n<meta property=\"og:title\" content=\"Tlumo\u010den\u00ed - italsky-preklad\" \/>\n<meta property=\"og:description\" content=\"Tlumo\u010den\u00ed Nab\u00edz\u00edm profesion\u00e1ln\u00ed tlumo\u010dnickou slu\u017ebu, kter\u00e1 zajist\u00ed hladkou komunikaci v r\u016fzn\u00fdch situac\u00edch. Specializuji se na obchodn\u00ed a technick\u00e1 jedn\u00e1n\u00ed, kde je d\u016fle\u017eit\u00e1 nejen jazykov\u00e1 p\u0159esnost, ale i znalost odborn\u00e9 terminologie. Zaji\u0161\u0165uji tlumo\u010den\u00ed po telefonu nebo prost\u0159ednictv\u00edm platformy Teams, co\u017e umo\u017e\u0148uje efektivn\u00ed komunikaci na d\u00e1lku. D\u00e1le poskytuji osobn\u00ed asistenci p\u0159i instalaci strojn\u00edch za\u0159\u00edzen\u00ed, kdy je nutn\u00e9 [&hellip;]\" \/>\n<meta property=\"og:url\" content=\"https:\/\/italsky-preklad.hiseo.cz\/it\/tlumoceni\/\" \/>\n<meta property=\"og:site_name\" content=\"italsky-preklad\" \/>\n<meta property=\"article:modified_time\" content=\"2025-02-19T22:51:12+00:00\" \/>\n<meta property=\"og:image\" content=\"https:\/\/italsky-preklad.hiseo.cz\/wp-content\/uploads\/2024\/12\/Italskiy-preklad-b.webp\" \/>\n\t<meta property=\"og:image:width\" content=\"2000\" \/>\n\t<meta property=\"og:image:height\" content=\"1333\" \/>\n\t<meta property=\"og:image:type\" content=\"image\/webp\" \/>\n<meta name=\"twitter:card\" content=\"summary_large_image\" \/>\n<meta name=\"twitter:label1\" content=\"Tempo di lettura stimato\" \/>\n\t<meta name=\"twitter:data1\" content=\"2 minuti\" \/>\n<script type=\"application\/ld+json\" class=\"yoast-schema-graph\">{\"@context\":\"https:\/\/schema.org\",\"@graph\":[{\"@type\":\"WebPage\",\"@id\":\"https:\/\/italsky-preklad.hiseo.cz\/tlumoceni\/\",\"url\":\"https:\/\/italsky-preklad.hiseo.cz\/tlumoceni\/\",\"name\":\"Tlumo\u010den\u00ed - italsky-preklad\",\"isPartOf\":{\"@id\":\"https:\/\/italsky-preklad.hiseo.cz\/#website\"},\"primaryImageOfPage\":{\"@id\":\"https:\/\/italsky-preklad.hiseo.cz\/tlumoceni\/#primaryimage\"},\"image\":{\"@id\":\"https:\/\/italsky-preklad.hiseo.cz\/tlumoceni\/#primaryimage\"},\"thumbnailUrl\":\"https:\/\/italsky-preklad.hiseo.cz\/wp-content\/uploads\/2024\/12\/Italskiy-preklad-b-1024x682.webp\",\"datePublished\":\"2024-12-19T23:32:35+00:00\",\"dateModified\":\"2025-02-19T22:51:12+00:00\",\"breadcrumb\":{\"@id\":\"https:\/\/italsky-preklad.hiseo.cz\/tlumoceni\/#breadcrumb\"},\"inLanguage\":\"it-IT\",\"potentialAction\":[{\"@type\":\"ReadAction\",\"target\":[\"https:\/\/italsky-preklad.hiseo.cz\/tlumoceni\/\"]}]},{\"@type\":\"ImageObject\",\"inLanguage\":\"it-IT\",\"@id\":\"https:\/\/italsky-preklad.hiseo.cz\/tlumoceni\/#primaryimage\",\"url\":\"https:\/\/italsky-preklad.hiseo.cz\/wp-content\/uploads\/2024\/12\/Italskiy-preklad-b-1024x682.webp\",\"contentUrl\":\"https:\/\/italsky-preklad.hiseo.cz\/wp-content\/uploads\/2024\/12\/Italskiy-preklad-b-1024x682.webp\"},{\"@type\":\"BreadcrumbList\",\"@id\":\"https:\/\/italsky-preklad.hiseo.cz\/tlumoceni\/#breadcrumb\",\"itemListElement\":[{\"@type\":\"ListItem\",\"position\":1,\"name\":\"Dom\u016f\",\"item\":\"https:\/\/italsky-preklad.hiseo.cz\/\"},{\"@type\":\"ListItem\",\"position\":2,\"name\":\"Tlumo\u010den\u00ed\"}]},{\"@type\":\"WebSite\",\"@id\":\"https:\/\/italsky-preklad.hiseo.cz\/#website\",\"url\":\"https:\/\/italsky-preklad.hiseo.cz\/\",\"name\":\"italsky-preklad\",\"description\":\"Italsk\u00fd p\u0159eklad | Soudn\u00ed p\u0159eklady do ital\u0161tiny | Tlumo\u010den\u00ed | P\u0159eklady | Vytvo\u0159ilo studio hiSEO.cz\",\"publisher\":{\"@id\":\"https:\/\/italsky-preklad.hiseo.cz\/#organization\"},\"potentialAction\":[{\"@type\":\"SearchAction\",\"target\":{\"@type\":\"EntryPoint\",\"urlTemplate\":\"https:\/\/italsky-preklad.hiseo.cz\/?s={search_term_string}\"},\"query-input\":{\"@type\":\"PropertyValueSpecification\",\"valueRequired\":true,\"valueName\":\"search_term_string\"}}],\"inLanguage\":\"it-IT\"},{\"@type\":\"Organization\",\"@id\":\"https:\/\/italsky-preklad.hiseo.cz\/#organization\",\"name\":\"italsky-preklad\",\"url\":\"https:\/\/italsky-preklad.hiseo.cz\/\",\"logo\":{\"@type\":\"ImageObject\",\"inLanguage\":\"it-IT\",\"@id\":\"https:\/\/italsky-preklad.hiseo.cz\/#\/schema\/logo\/image\/\",\"url\":\"https:\/\/italsky-preklad.hiseo.cz\/wp-content\/uploads\/2024\/12\/Snimek-obrazovky-2024-12-20-v-1.32.13.webp\",\"contentUrl\":\"https:\/\/italsky-preklad.hiseo.cz\/wp-content\/uploads\/2024\/12\/Snimek-obrazovky-2024-12-20-v-1.32.13.webp\",\"width\":404,\"height\":86,\"caption\":\"italsky-preklad\"},\"image\":{\"@id\":\"https:\/\/italsky-preklad.hiseo.cz\/#\/schema\/logo\/image\/\"}}]}<\/script>\n<!-- \/ Yoast SEO plugin. -->","yoast_head_json":{"title":"Tlumo\u010den\u00ed - italsky-preklad","robots":{"index":"index","follow":"follow","max-snippet":"max-snippet:-1","max-image-preview":"max-image-preview:large","max-video-preview":"max-video-preview:-1"},"canonical":"https:\/\/italsky-preklad.hiseo.cz\/it\/tlumoceni\/","og_locale":"it_IT","og_type":"article","og_title":"Tlumo\u010den\u00ed - italsky-preklad","og_description":"Tlumo\u010den\u00ed Nab\u00edz\u00edm profesion\u00e1ln\u00ed tlumo\u010dnickou slu\u017ebu, kter\u00e1 zajist\u00ed hladkou komunikaci v r\u016fzn\u00fdch situac\u00edch. Specializuji se na obchodn\u00ed a technick\u00e1 jedn\u00e1n\u00ed, kde je d\u016fle\u017eit\u00e1 nejen jazykov\u00e1 p\u0159esnost, ale i znalost odborn\u00e9 terminologie. Zaji\u0161\u0165uji tlumo\u010den\u00ed po telefonu nebo prost\u0159ednictv\u00edm platformy Teams, co\u017e umo\u017e\u0148uje efektivn\u00ed komunikaci na d\u00e1lku. D\u00e1le poskytuji osobn\u00ed asistenci p\u0159i instalaci strojn\u00edch za\u0159\u00edzen\u00ed, kdy je nutn\u00e9 [&hellip;]","og_url":"https:\/\/italsky-preklad.hiseo.cz\/it\/tlumoceni\/","og_site_name":"italsky-preklad","article_modified_time":"2025-02-19T22:51:12+00:00","og_image":[{"width":2000,"height":1333,"url":"https:\/\/italsky-preklad.hiseo.cz\/wp-content\/uploads\/2024\/12\/Italskiy-preklad-b.webp","type":"image\/webp"}],"twitter_card":"summary_large_image","twitter_misc":{"Tempo di lettura stimato":"2 minuti"},"schema":{"@context":"https:\/\/schema.org","@graph":[{"@type":"WebPage","@id":"https:\/\/italsky-preklad.hiseo.cz\/tlumoceni\/","url":"https:\/\/italsky-preklad.hiseo.cz\/tlumoceni\/","name":"Tlumo\u010den\u00ed - italsky-preklad","isPartOf":{"@id":"https:\/\/italsky-preklad.hiseo.cz\/#website"},"primaryImageOfPage":{"@id":"https:\/\/italsky-preklad.hiseo.cz\/tlumoceni\/#primaryimage"},"image":{"@id":"https:\/\/italsky-preklad.hiseo.cz\/tlumoceni\/#primaryimage"},"thumbnailUrl":"https:\/\/italsky-preklad.hiseo.cz\/wp-content\/uploads\/2024\/12\/Italskiy-preklad-b-1024x682.webp","datePublished":"2024-12-19T23:32:35+00:00","dateModified":"2025-02-19T22:51:12+00:00","breadcrumb":{"@id":"https:\/\/italsky-preklad.hiseo.cz\/tlumoceni\/#breadcrumb"},"inLanguage":"it-IT","potentialAction":[{"@type":"ReadAction","target":["https:\/\/italsky-preklad.hiseo.cz\/tlumoceni\/"]}]},{"@type":"ImageObject","inLanguage":"it-IT","@id":"https:\/\/italsky-preklad.hiseo.cz\/tlumoceni\/#primaryimage","url":"https:\/\/italsky-preklad.hiseo.cz\/wp-content\/uploads\/2024\/12\/Italskiy-preklad-b-1024x682.webp","contentUrl":"https:\/\/italsky-preklad.hiseo.cz\/wp-content\/uploads\/2024\/12\/Italskiy-preklad-b-1024x682.webp"},{"@type":"BreadcrumbList","@id":"https:\/\/italsky-preklad.hiseo.cz\/tlumoceni\/#breadcrumb","itemListElement":[{"@type":"ListItem","position":1,"name":"Dom\u016f","item":"https:\/\/italsky-preklad.hiseo.cz\/"},{"@type":"ListItem","position":2,"name":"Tlumo\u010den\u00ed"}]},{"@type":"WebSite","@id":"https:\/\/italsky-preklad.hiseo.cz\/#website","url":"https:\/\/italsky-preklad.hiseo.cz\/","name":"italsky-preklad","description":"Italsk\u00fd p\u0159eklad | Soudn\u00ed p\u0159eklady do ital\u0161tiny | Tlumo\u010den\u00ed | P\u0159eklady | Vytvo\u0159ilo studio hiSEO.cz","publisher":{"@id":"https:\/\/italsky-preklad.hiseo.cz\/#organization"},"potentialAction":[{"@type":"SearchAction","target":{"@type":"EntryPoint","urlTemplate":"https:\/\/italsky-preklad.hiseo.cz\/?s={search_term_string}"},"query-input":{"@type":"PropertyValueSpecification","valueRequired":true,"valueName":"search_term_string"}}],"inLanguage":"it-IT"},{"@type":"Organization","@id":"https:\/\/italsky-preklad.hiseo.cz\/#organization","name":"italsky-preklad","url":"https:\/\/italsky-preklad.hiseo.cz\/","logo":{"@type":"ImageObject","inLanguage":"it-IT","@id":"https:\/\/italsky-preklad.hiseo.cz\/#\/schema\/logo\/image\/","url":"https:\/\/italsky-preklad.hiseo.cz\/wp-content\/uploads\/2024\/12\/Snimek-obrazovky-2024-12-20-v-1.32.13.webp","contentUrl":"https:\/\/italsky-preklad.hiseo.cz\/wp-content\/uploads\/2024\/12\/Snimek-obrazovky-2024-12-20-v-1.32.13.webp","width":404,"height":86,"caption":"italsky-preklad"},"image":{"@id":"https:\/\/italsky-preklad.hiseo.cz\/#\/schema\/logo\/image\/"}}]}},"_links":{"self":[{"href":"https:\/\/italsky-preklad.hiseo.cz\/it\/wp-json\/wp\/v2\/pages\/121","targetHints":{"allow":["GET"]}}],"collection":[{"href":"https:\/\/italsky-preklad.hiseo.cz\/it\/wp-json\/wp\/v2\/pages"}],"about":[{"href":"https:\/\/italsky-preklad.hiseo.cz\/it\/wp-json\/wp\/v2\/types\/page"}],"author":[{"embeddable":true,"href":"https:\/\/italsky-preklad.hiseo.cz\/it\/wp-json\/wp\/v2\/users\/1"}],"replies":[{"embeddable":true,"href":"https:\/\/italsky-preklad.hiseo.cz\/it\/wp-json\/wp\/v2\/comments?post=121"}],"version-history":[{"count":55,"href":"https:\/\/italsky-preklad.hiseo.cz\/it\/wp-json\/wp\/v2\/pages\/121\/revisions"}],"predecessor-version":[{"id":543,"href":"https:\/\/italsky-preklad.hiseo.cz\/it\/wp-json\/wp\/v2\/pages\/121\/revisions\/543"}],"wp:attachment":[{"href":"https:\/\/italsky-preklad.hiseo.cz\/it\/wp-json\/wp\/v2\/media?parent=121"}],"curies":[{"name":"wp","href":"https:\/\/api.w.org\/{rel}","templated":true}]}}