{"id":138,"date":"2024-12-20T00:32:44","date_gmt":"2024-12-19T23:32:44","guid":{"rendered":"https:\/\/italsky-preklad.hiseo.cz\/?page_id=138"},"modified":"2025-02-12T01:09:17","modified_gmt":"2025-02-12T00:09:17","slug":"soudni-preklady","status":"publish","type":"page","link":"https:\/\/italsky-preklad.hiseo.cz\/it\/soudni-preklady\/","title":{"rendered":"Traduzioni in tribunale"},"content":{"rendered":"<div data-elementor-type=\"wp-page\" data-elementor-id=\"138\" class=\"elementor elementor-138\" data-elementor-post-type=\"page\">\n\t\t\t\t<div class=\"elementor-element elementor-element-3d686087 e-con-full e-flex e-con e-parent\" data-id=\"3d686087\" data-element_type=\"container\" data-settings=\"{&quot;background_background&quot;:&quot;none&quot;}\">\n\t\t<div class=\"elementor-element elementor-element-169740ec e-con-full elementor-hidden-mobile e-flex elementor-invisible e-con e-child\" data-id=\"169740ec\" data-element_type=\"container\" data-settings=\"{&quot;background_background&quot;:&quot;classic&quot;,&quot;animation&quot;:&quot;slideInLeft&quot;}\">\n\t\t\t\t<div class=\"elementor-element elementor-element-29c600a1 animated-slow elementor-widget__width-initial elementor-invisible elementor-widget elementor-widget-image\" data-id=\"29c600a1\" data-element_type=\"widget\" data-settings=\"{&quot;_animation&quot;:&quot;slideInLeft&quot;,&quot;_animation_delay&quot;:100}\" data-widget_type=\"image.default\">\n\t\t\t\t<div class=\"elementor-widget-container\">\n\t\t\t\t\t\t\t\t\t\t\t\t\t\t\t<img fetchpriority=\"high\" decoding=\"async\" width=\"800\" height=\"788\" src=\"https:\/\/italsky-preklad.hiseo.cz\/wp-content\/uploads\/2025\/02\/1000023397-hiSEO-vylepsene-denoise-color-1024x1009.webp\" class=\"attachment-large size-large wp-image-433\" alt=\"\" srcset=\"https:\/\/italsky-preklad.hiseo.cz\/wp-content\/uploads\/2025\/02\/1000023397-hiSEO-vylepsene-denoise-color-1024x1009.webp 1024w, https:\/\/italsky-preklad.hiseo.cz\/wp-content\/uploads\/2025\/02\/1000023397-hiSEO-vylepsene-denoise-color-300x295.webp 300w, https:\/\/italsky-preklad.hiseo.cz\/wp-content\/uploads\/2025\/02\/1000023397-hiSEO-vylepsene-denoise-color-768x756.png 768w, https:\/\/italsky-preklad.hiseo.cz\/wp-content\/uploads\/2025\/02\/1000023397-hiSEO-vylepsene-denoise-color-1536x1513.png 1536w, https:\/\/italsky-preklad.hiseo.cz\/wp-content\/uploads\/2025\/02\/1000023397-hiSEO-vylepsene-denoise-color.webp 1862w\" sizes=\"(max-width: 800px) 100vw, 800px\" \/>\t\t\t\t\t\t\t\t\t\t\t\t\t\t\t<\/div>\n\t\t\t\t<\/div>\n\t\t\t\t<\/div>\n\t\t<div class=\"elementor-element elementor-element-61fef2fa e-con-full e-flex e-con e-child\" data-id=\"61fef2fa\" data-element_type=\"container\" data-settings=\"{&quot;background_background&quot;:&quot;none&quot;}\">\n\t\t<div class=\"elementor-element elementor-element-32df288f e-flex e-con-boxed e-con e-child\" data-id=\"32df288f\" data-element_type=\"container\">\n\t\t\t\t\t<div class=\"e-con-inner\">\n\t\t\t\t<div class=\"elementor-element elementor-element-4f510442 elementor-widget elementor-widget-heading\" data-id=\"4f510442\" data-element_type=\"widget\" data-widget_type=\"heading.default\">\n\t\t\t\t<div class=\"elementor-widget-container\">\n\t\t\t\t\t<h2 class=\"elementor-heading-title elementor-size-default\">Traduzioni in tribunale<\/h2>\t\t\t\t<\/div>\n\t\t\t\t<\/div>\n\t\t\t\t<div class=\"elementor-element elementor-element-ee7e9ff elementor-widget-divider--view-line elementor-widget elementor-widget-divider\" data-id=\"ee7e9ff\" data-element_type=\"widget\" data-widget_type=\"divider.default\">\n\t\t\t\t<div class=\"elementor-widget-container\">\n\t\t\t\t\t\t\t<div class=\"elementor-divider\">\n\t\t\t<span class=\"elementor-divider-separator\">\n\t\t\t\t\t\t<\/span>\n\t\t<\/div>\n\t\t\t\t\t\t<\/div>\n\t\t\t\t<\/div>\n\t\t\t\t<div class=\"elementor-element elementor-element-5daed609 elementor-widget elementor-widget-text-editor\" data-id=\"5daed609\" data-element_type=\"widget\" data-widget_type=\"text-editor.default\">\n\t\t\t\t<div class=\"elementor-widget-container\">\n\t\t\t\t\t\t\t\t\t<p><strong>Che cos'\u00e8 una traduzione giudiziaria?<\/strong><\/p><p>La traduzione certificata \u00e8 un tipo di traduzione ufficiale, ufficialmente valida, di un documento, richiesta principalmente dalle autorit\u00e0 (sia ceche che straniere) e da altre istituzioni. La traduzione certificata \u00e8 pi\u00f9 spesso richiesta per documenti quali:<\/p><ul><li>documenti di registrazione<\/li><li>estratti dal Registro delle Imprese<\/li><li>estratti del casellario giudiziale<\/li><li>prova degli studi<\/li><li>licenze tecniche per veicoli<\/li><li>documenti per la compagnia di assicurazione<\/li><li>imputazioni, condanne, fascicoli del tribunale e della polizia, ecc.<\/li><\/ul>\t\t\t\t\t\t\t\t<\/div>\n\t\t\t\t<\/div>\n\t\t\t\t\t<\/div>\n\t\t\t\t<\/div>\n\t\t\t\t<\/div>\n\t\t\t\t<\/div>\n\t\t<div class=\"elementor-element elementor-element-eeb2918 e-flex e-con-boxed e-con e-parent\" data-id=\"eeb2918\" data-element_type=\"container\">\n\t\t\t\t\t<div class=\"e-con-inner\">\n\t\t\t\t<div class=\"elementor-element elementor-element-71b3c3e elementor-widget elementor-widget-text-editor\" data-id=\"71b3c3e\" data-element_type=\"widget\" data-widget_type=\"text-editor.default\">\n\t\t\t\t<div class=\"elementor-widget-container\">\n\t\t\t\t\t\t\t\t\t<p>La traduzione deve essere redatta da un traduttore iscritto nell'elenco degli interpreti giudiziari e dei traduttori del Ministero della Giustizia della Repubblica Ceca e deve recare il timbro del traduttore.<\/p><p><strong>\u00a0<\/strong><\/p><p><strong>L'atto della traduzione in forma documentaria:<\/strong><\/p><ul><li>il cliente consegna di persona o per raccomandata una copia del documento da tradurre<\/li><li>la traduzione completata viene legata al documento originale e timbrata con il sigillo del traduttore.<\/li><li>il cliente ritira la traduzione di persona o gli viene inviata per raccomandata<\/li><\/ul><p><strong>\u00a0<\/strong><\/p><p><strong>Atto di traduzione in formato elettronico, il cosiddetto e-act<\/strong><\/p><ul><li>il cliente invia una versione elettronica del documento da tradurre, di solito in formato PDF o JPG, via e-mail o tramite casella di posta elettronica<\/li><li>la traduzione completata viene collegata elettronicamente al documento da tradurre e firmare\u00a0<strong>da una firma elettronica qualificata<\/strong> e dotato di <strong>da una marcatura temporale elettronica qualificata<\/strong><\/li><li>la traduzione completata viene inviata al cliente per e-mail o per casella di posta elettronica<\/li><\/ul><p>\u00a0<\/p>\t\t\t\t\t\t\t\t<\/div>\n\t\t\t\t<\/div>\n\t\t\t\t\t<\/div>\n\t\t\t\t<\/div>\n\t\t<div class=\"elementor-element elementor-element-9a19352 e-flex e-con-boxed e-con e-parent\" data-id=\"9a19352\" data-element_type=\"container\">\n\t\t\t\t\t<div class=\"e-con-inner\">\n\t\t<div class=\"elementor-element elementor-element-0014e5b e-con-full e-flex e-con e-child\" data-id=\"0014e5b\" data-element_type=\"container\">\n\t\t\t\t<div class=\"elementor-element elementor-element-bb1b664 elementor-widget elementor-widget-heading\" data-id=\"bb1b664\" data-element_type=\"widget\" data-widget_type=\"heading.default\">\n\t\t\t\t<div class=\"elementor-widget-container\">\n\t\t\t\t\t<h2 class=\"elementor-heading-title elementor-size-default\">Listino prezzi<\/h2>\t\t\t\t<\/div>\n\t\t\t\t<\/div>\n\t\t\t\t<div class=\"elementor-element elementor-element-e5ddd6b elementor-widget elementor-widget-price-list\" data-id=\"e5ddd6b\" data-element_type=\"widget\" data-widget_type=\"price-list.default\">\n\t\t\t\t<div class=\"elementor-widget-container\">\n\t\t\t\t\t\n\t\t<ul class=\"elementor-price-list\">\n\n\t\t\t\t\t\t\t\t\t<li><a class=\"elementor-price-list-item\" href=\"#\">\t\t\t\t\n\t\t\t\t<div class=\"elementor-price-list-text\">\n\t\t\t\t\t\t\t\t\t<div class=\"elementor-price-list-header\">\n\t\t\t\t\t\t\t\t\t\t\t<span class=\"elementor-price-list-title\">\n\t\t\t\t\t\t\tTraduzione di testi\t\t\t\t\t\t<\/span>\n\t\t\t\t\t\t\t\t\t\t\t\t\t\t\t\t\t\t<span class=\"elementor-price-list-separator\"><\/span>\n\t\t\t\t\t\t\t\t\t\t\t\t\t\t\t\t\t\t\t<span class=\"elementor-price-list-price\">A partire da 650,- CZK \/ NS<\/span>\n\t\t\t\t\t\t\t\t\t\t<\/div>\n\t\t\t\t\t\t\t\t\t\t\t\t<\/div>\n\t\t\t\t<\/a><\/li>\t\t\t\t\t\n\t\t<\/ul>\n\n\t\t\t\t\t\t<\/div>\n\t\t\t\t<\/div>\n\t\t\t\t<div class=\"elementor-element elementor-element-cc453f2 elementor-widget elementor-widget-text-editor\" data-id=\"cc453f2\" data-element_type=\"widget\" data-widget_type=\"text-editor.default\">\n\t\t\t\t<div class=\"elementor-widget-container\">\n\t\t\t\t\t\t\t\t\t<p>Il prezzo approssimativo della traduzione viene stabilito prima dell'inizio del lavoro, tenendo conto della quantit\u00e0 e della velocit\u00e0.<br \/><span style=\"color: var( --e-global-color-text ); font-family: var( --e-global-typography-text-font-family ), Sans-serif; font-weight: var( --e-global-typography-text-font-weight ); text-align: var(--text-align); font-size: 1rem;\">Il prezzo esatto di una traduzione certificata \u00e8 determinato in base al numero di pagine standard (NS) del testo di destinazione, corrispondenti a 1800 caratteri con spazi in MS Word.<\/span><\/p><p>Il volume minimo della traduzione legale addebitata \u00e8 di 1 NS, il volume \u00e8 sempre arrotondato a pagine intere standard.<\/p>\t\t\t\t\t\t\t\t<\/div>\n\t\t\t\t<\/div>\n\t\t\t\t<\/div>\n\t\t\t\t\t<\/div>\n\t\t\t\t<\/div>\n\t\t\t\t<\/div>","protected":false},"excerpt":{"rendered":"<p>Traduzioni giudiziarie Che cos'\u00e8 una traduzione giudiziaria? Una traduzione certificata \u00e8 un tipo di traduzione ufficiale, ufficialmente valida, di un documento, richiesta principalmente dalle autorit\u00e0 (sia ceche che straniere) e da altre istituzioni. La traduzione giudiziaria viene richiesta soprattutto per documenti quali: documenti di anagrafe civile estratti dal registro delle imprese estratti dal registro penale documenti di studio documenti di immatricolazione dei veicoli documenti per le compagnie di assicurazione imputazioni, sentenze, atti giudiziari e di polizia [...]<\/p>","protected":false},"author":1,"featured_media":0,"parent":0,"menu_order":0,"comment_status":"closed","ping_status":"closed","template":"","meta":{"footnotes":""},"class_list":["post-138","page","type-page","status-publish","hentry"],"yoast_head":"<!-- This site is optimized with the Yoast SEO plugin v24.1 - https:\/\/yoast.com\/wordpress\/plugins\/seo\/ -->\n<title>Soudn\u00ed p\u0159eklady - italsky-preklad<\/title>\n<meta name=\"robots\" content=\"index, follow, max-snippet:-1, max-image-preview:large, max-video-preview:-1\" \/>\n<link rel=\"canonical\" href=\"https:\/\/italsky-preklad.hiseo.cz\/it\/soudni-preklady\/\" \/>\n<meta property=\"og:locale\" content=\"it_IT\" \/>\n<meta property=\"og:type\" content=\"article\" \/>\n<meta property=\"og:title\" content=\"Soudn\u00ed p\u0159eklady - italsky-preklad\" \/>\n<meta property=\"og:description\" content=\"Soudn\u00ed p\u0159eklady Co je soudn\u00ed p\u0159eklad? Soudn\u00ed p\u0159eklad je typ ofici\u00e1ln\u00edho, \u00fa\u0159edn\u011b platn\u00e9ho p\u0159ekladu dokumentu, vy\u017eadovan\u00fd zejm\u00e9na \u00fa\u0159ady (\u010desk\u00fdmi i zahrani\u010dn\u00edmi) a jin\u00fdmi institucemi. Soudn\u00ed p\u0159eklad je nej\u010dast\u011bji po\u017eadov\u00e1n u dokument\u016f jako jsou: matri\u010dn\u00ed doklady v\u00fdpisy z\u00a0obchodn\u00edho rejst\u0159\u00edku v\u00fdpisy z\u00a0rejst\u0159\u00edku trest\u016f doklady o studiu technick\u00e9 pr\u016fkazy vozidel doklady pro poji\u0161\u0165ovnu ob\u017ealoby, rozsudky, soudn\u00ed a policejn\u00ed [&hellip;]\" \/>\n<meta property=\"og:url\" content=\"https:\/\/italsky-preklad.hiseo.cz\/it\/soudni-preklady\/\" \/>\n<meta property=\"og:site_name\" content=\"italsky-preklad\" \/>\n<meta property=\"article:modified_time\" content=\"2025-02-12T00:09:17+00:00\" \/>\n<meta property=\"og:image\" content=\"https:\/\/italsky-preklad.hiseo.cz\/wp-content\/uploads\/2025\/02\/1000023397-hiSEO-vylepsene-denoise-color-1024x1009.webp\" \/>\n<meta name=\"twitter:card\" content=\"summary_large_image\" \/>\n<meta name=\"twitter:label1\" content=\"Tempo di lettura stimato\" \/>\n\t<meta name=\"twitter:data1\" content=\"2 minuti\" \/>\n<script type=\"application\/ld+json\" class=\"yoast-schema-graph\">{\"@context\":\"https:\/\/schema.org\",\"@graph\":[{\"@type\":\"WebPage\",\"@id\":\"https:\/\/italsky-preklad.hiseo.cz\/soudni-preklady\/\",\"url\":\"https:\/\/italsky-preklad.hiseo.cz\/soudni-preklady\/\",\"name\":\"Soudn\u00ed p\u0159eklady - italsky-preklad\",\"isPartOf\":{\"@id\":\"https:\/\/italsky-preklad.hiseo.cz\/#website\"},\"primaryImageOfPage\":{\"@id\":\"https:\/\/italsky-preklad.hiseo.cz\/soudni-preklady\/#primaryimage\"},\"image\":{\"@id\":\"https:\/\/italsky-preklad.hiseo.cz\/soudni-preklady\/#primaryimage\"},\"thumbnailUrl\":\"https:\/\/italsky-preklad.hiseo.cz\/wp-content\/uploads\/2025\/02\/1000023397-hiSEO-vylepsene-denoise-color-1024x1009.webp\",\"datePublished\":\"2024-12-19T23:32:44+00:00\",\"dateModified\":\"2025-02-12T00:09:17+00:00\",\"breadcrumb\":{\"@id\":\"https:\/\/italsky-preklad.hiseo.cz\/soudni-preklady\/#breadcrumb\"},\"inLanguage\":\"it-IT\",\"potentialAction\":[{\"@type\":\"ReadAction\",\"target\":[\"https:\/\/italsky-preklad.hiseo.cz\/soudni-preklady\/\"]}]},{\"@type\":\"ImageObject\",\"inLanguage\":\"it-IT\",\"@id\":\"https:\/\/italsky-preklad.hiseo.cz\/soudni-preklady\/#primaryimage\",\"url\":\"https:\/\/italsky-preklad.hiseo.cz\/wp-content\/uploads\/2025\/02\/1000023397-hiSEO-vylepsene-denoise-color-1024x1009.webp\",\"contentUrl\":\"https:\/\/italsky-preklad.hiseo.cz\/wp-content\/uploads\/2025\/02\/1000023397-hiSEO-vylepsene-denoise-color-1024x1009.webp\"},{\"@type\":\"BreadcrumbList\",\"@id\":\"https:\/\/italsky-preklad.hiseo.cz\/soudni-preklady\/#breadcrumb\",\"itemListElement\":[{\"@type\":\"ListItem\",\"position\":1,\"name\":\"Dom\u016f\",\"item\":\"https:\/\/italsky-preklad.hiseo.cz\/\"},{\"@type\":\"ListItem\",\"position\":2,\"name\":\"Soudn\u00ed p\u0159eklady\"}]},{\"@type\":\"WebSite\",\"@id\":\"https:\/\/italsky-preklad.hiseo.cz\/#website\",\"url\":\"https:\/\/italsky-preklad.hiseo.cz\/\",\"name\":\"italsky-preklad\",\"description\":\"Italsk\u00fd p\u0159eklad | Soudn\u00ed p\u0159eklady do ital\u0161tiny | Tlumo\u010den\u00ed | P\u0159eklady | Vytvo\u0159ilo studio hiSEO.cz\",\"publisher\":{\"@id\":\"https:\/\/italsky-preklad.hiseo.cz\/#organization\"},\"potentialAction\":[{\"@type\":\"SearchAction\",\"target\":{\"@type\":\"EntryPoint\",\"urlTemplate\":\"https:\/\/italsky-preklad.hiseo.cz\/?s={search_term_string}\"},\"query-input\":{\"@type\":\"PropertyValueSpecification\",\"valueRequired\":true,\"valueName\":\"search_term_string\"}}],\"inLanguage\":\"it-IT\"},{\"@type\":\"Organization\",\"@id\":\"https:\/\/italsky-preklad.hiseo.cz\/#organization\",\"name\":\"italsky-preklad\",\"url\":\"https:\/\/italsky-preklad.hiseo.cz\/\",\"logo\":{\"@type\":\"ImageObject\",\"inLanguage\":\"it-IT\",\"@id\":\"https:\/\/italsky-preklad.hiseo.cz\/#\/schema\/logo\/image\/\",\"url\":\"https:\/\/italsky-preklad.hiseo.cz\/wp-content\/uploads\/2024\/12\/Snimek-obrazovky-2024-12-20-v-1.32.13.webp\",\"contentUrl\":\"https:\/\/italsky-preklad.hiseo.cz\/wp-content\/uploads\/2024\/12\/Snimek-obrazovky-2024-12-20-v-1.32.13.webp\",\"width\":404,\"height\":86,\"caption\":\"italsky-preklad\"},\"image\":{\"@id\":\"https:\/\/italsky-preklad.hiseo.cz\/#\/schema\/logo\/image\/\"}}]}<\/script>\n<!-- \/ Yoast SEO plugin. -->","yoast_head_json":{"title":"Soudn\u00ed p\u0159eklady - italsky-preklad","robots":{"index":"index","follow":"follow","max-snippet":"max-snippet:-1","max-image-preview":"max-image-preview:large","max-video-preview":"max-video-preview:-1"},"canonical":"https:\/\/italsky-preklad.hiseo.cz\/it\/soudni-preklady\/","og_locale":"it_IT","og_type":"article","og_title":"Soudn\u00ed p\u0159eklady - italsky-preklad","og_description":"Soudn\u00ed p\u0159eklady Co je soudn\u00ed p\u0159eklad? Soudn\u00ed p\u0159eklad je typ ofici\u00e1ln\u00edho, \u00fa\u0159edn\u011b platn\u00e9ho p\u0159ekladu dokumentu, vy\u017eadovan\u00fd zejm\u00e9na \u00fa\u0159ady (\u010desk\u00fdmi i zahrani\u010dn\u00edmi) a jin\u00fdmi institucemi. Soudn\u00ed p\u0159eklad je nej\u010dast\u011bji po\u017eadov\u00e1n u dokument\u016f jako jsou: matri\u010dn\u00ed doklady v\u00fdpisy z\u00a0obchodn\u00edho rejst\u0159\u00edku v\u00fdpisy z\u00a0rejst\u0159\u00edku trest\u016f doklady o studiu technick\u00e9 pr\u016fkazy vozidel doklady pro poji\u0161\u0165ovnu ob\u017ealoby, rozsudky, soudn\u00ed a policejn\u00ed [&hellip;]","og_url":"https:\/\/italsky-preklad.hiseo.cz\/it\/soudni-preklady\/","og_site_name":"italsky-preklad","article_modified_time":"2025-02-12T00:09:17+00:00","og_image":[{"url":"https:\/\/italsky-preklad.hiseo.cz\/wp-content\/uploads\/2025\/02\/1000023397-hiSEO-vylepsene-denoise-color-1024x1009.webp","type":"","width":"","height":""}],"twitter_card":"summary_large_image","twitter_misc":{"Tempo di lettura stimato":"2 minuti"},"schema":{"@context":"https:\/\/schema.org","@graph":[{"@type":"WebPage","@id":"https:\/\/italsky-preklad.hiseo.cz\/soudni-preklady\/","url":"https:\/\/italsky-preklad.hiseo.cz\/soudni-preklady\/","name":"Soudn\u00ed p\u0159eklady - italsky-preklad","isPartOf":{"@id":"https:\/\/italsky-preklad.hiseo.cz\/#website"},"primaryImageOfPage":{"@id":"https:\/\/italsky-preklad.hiseo.cz\/soudni-preklady\/#primaryimage"},"image":{"@id":"https:\/\/italsky-preklad.hiseo.cz\/soudni-preklady\/#primaryimage"},"thumbnailUrl":"https:\/\/italsky-preklad.hiseo.cz\/wp-content\/uploads\/2025\/02\/1000023397-hiSEO-vylepsene-denoise-color-1024x1009.webp","datePublished":"2024-12-19T23:32:44+00:00","dateModified":"2025-02-12T00:09:17+00:00","breadcrumb":{"@id":"https:\/\/italsky-preklad.hiseo.cz\/soudni-preklady\/#breadcrumb"},"inLanguage":"it-IT","potentialAction":[{"@type":"ReadAction","target":["https:\/\/italsky-preklad.hiseo.cz\/soudni-preklady\/"]}]},{"@type":"ImageObject","inLanguage":"it-IT","@id":"https:\/\/italsky-preklad.hiseo.cz\/soudni-preklady\/#primaryimage","url":"https:\/\/italsky-preklad.hiseo.cz\/wp-content\/uploads\/2025\/02\/1000023397-hiSEO-vylepsene-denoise-color-1024x1009.webp","contentUrl":"https:\/\/italsky-preklad.hiseo.cz\/wp-content\/uploads\/2025\/02\/1000023397-hiSEO-vylepsene-denoise-color-1024x1009.webp"},{"@type":"BreadcrumbList","@id":"https:\/\/italsky-preklad.hiseo.cz\/soudni-preklady\/#breadcrumb","itemListElement":[{"@type":"ListItem","position":1,"name":"Dom\u016f","item":"https:\/\/italsky-preklad.hiseo.cz\/"},{"@type":"ListItem","position":2,"name":"Soudn\u00ed p\u0159eklady"}]},{"@type":"WebSite","@id":"https:\/\/italsky-preklad.hiseo.cz\/#website","url":"https:\/\/italsky-preklad.hiseo.cz\/","name":"italsky-preklad","description":"Italsk\u00fd p\u0159eklad | Soudn\u00ed p\u0159eklady do ital\u0161tiny | Tlumo\u010den\u00ed | P\u0159eklady | Vytvo\u0159ilo studio hiSEO.cz","publisher":{"@id":"https:\/\/italsky-preklad.hiseo.cz\/#organization"},"potentialAction":[{"@type":"SearchAction","target":{"@type":"EntryPoint","urlTemplate":"https:\/\/italsky-preklad.hiseo.cz\/?s={search_term_string}"},"query-input":{"@type":"PropertyValueSpecification","valueRequired":true,"valueName":"search_term_string"}}],"inLanguage":"it-IT"},{"@type":"Organization","@id":"https:\/\/italsky-preklad.hiseo.cz\/#organization","name":"italsky-preklad","url":"https:\/\/italsky-preklad.hiseo.cz\/","logo":{"@type":"ImageObject","inLanguage":"it-IT","@id":"https:\/\/italsky-preklad.hiseo.cz\/#\/schema\/logo\/image\/","url":"https:\/\/italsky-preklad.hiseo.cz\/wp-content\/uploads\/2024\/12\/Snimek-obrazovky-2024-12-20-v-1.32.13.webp","contentUrl":"https:\/\/italsky-preklad.hiseo.cz\/wp-content\/uploads\/2024\/12\/Snimek-obrazovky-2024-12-20-v-1.32.13.webp","width":404,"height":86,"caption":"italsky-preklad"},"image":{"@id":"https:\/\/italsky-preklad.hiseo.cz\/#\/schema\/logo\/image\/"}}]}},"_links":{"self":[{"href":"https:\/\/italsky-preklad.hiseo.cz\/it\/wp-json\/wp\/v2\/pages\/138","targetHints":{"allow":["GET"]}}],"collection":[{"href":"https:\/\/italsky-preklad.hiseo.cz\/it\/wp-json\/wp\/v2\/pages"}],"about":[{"href":"https:\/\/italsky-preklad.hiseo.cz\/it\/wp-json\/wp\/v2\/types\/page"}],"author":[{"embeddable":true,"href":"https:\/\/italsky-preklad.hiseo.cz\/it\/wp-json\/wp\/v2\/users\/1"}],"replies":[{"embeddable":true,"href":"https:\/\/italsky-preklad.hiseo.cz\/it\/wp-json\/wp\/v2\/comments?post=138"}],"version-history":[{"count":30,"href":"https:\/\/italsky-preklad.hiseo.cz\/it\/wp-json\/wp\/v2\/pages\/138\/revisions"}],"predecessor-version":[{"id":438,"href":"https:\/\/italsky-preklad.hiseo.cz\/it\/wp-json\/wp\/v2\/pages\/138\/revisions\/438"}],"wp:attachment":[{"href":"https:\/\/italsky-preklad.hiseo.cz\/it\/wp-json\/wp\/v2\/media?parent=138"}],"curies":[{"name":"wp","href":"https:\/\/api.w.org\/{rel}","templated":true}]}}