{"id":330,"date":"2025-01-09T23:26:14","date_gmt":"2025-01-09T22:26:14","guid":{"rendered":"https:\/\/italsky-preklad.hiseo.cz\/?page_id=330"},"modified":"2025-02-26T10:41:06","modified_gmt":"2025-02-26T09:41:06","slug":"reference","status":"publish","type":"page","link":"https:\/\/italsky-preklad.hiseo.cz\/it\/reference\/","title":{"rendered":"Riferimento"},"content":{"rendered":"<div data-elementor-type=\"wp-page\" data-elementor-id=\"330\" class=\"elementor elementor-330\" data-elementor-post-type=\"page\">\n\t\t\t\t<div class=\"elementor-element elementor-element-f7426d8 e-con-full e-flex e-con e-parent\" data-id=\"f7426d8\" data-element_type=\"container\">\n\t\t\t\t<div class=\"elementor-element elementor-element-8f320b5 elementor-widget elementor-widget-heading\" data-id=\"8f320b5\" data-element_type=\"widget\" data-widget_type=\"heading.default\">\n\t\t\t\t<div class=\"elementor-widget-container\">\n\t\t\t\t\t<h2 class=\"elementor-heading-title elementor-size-default\">Riferimento<\/h2>\t\t\t\t<\/div>\n\t\t\t\t<\/div>\n\t\t\t\t<div class=\"elementor-element elementor-element-20bc82b elementor-widget elementor-widget-gallery\" data-id=\"20bc82b\" data-element_type=\"widget\" data-settings=\"{&quot;gallery_layout&quot;:&quot;masonry&quot;,&quot;columns_mobile&quot;:2,&quot;columns&quot;:6,&quot;lazyload&quot;:&quot;yes&quot;,&quot;columns_tablet&quot;:2,&quot;gap&quot;:{&quot;unit&quot;:&quot;px&quot;,&quot;size&quot;:10,&quot;sizes&quot;:[]},&quot;gap_tablet&quot;:{&quot;unit&quot;:&quot;px&quot;,&quot;size&quot;:10,&quot;sizes&quot;:[]},&quot;gap_mobile&quot;:{&quot;unit&quot;:&quot;px&quot;,&quot;size&quot;:10,&quot;sizes&quot;:[]},&quot;link_to&quot;:&quot;file&quot;,&quot;content_hover_animation&quot;:&quot;fade-in&quot;}\" data-widget_type=\"gallery.default\">\n\t\t\t\t<div class=\"elementor-widget-container\">\n\t\t\t\t\t\t\t<div class=\"elementor-gallery__container\">\n\t\t\t\t\t\t\t<a class=\"e-gallery-item elementor-gallery-item elementor-animated-content\" href=\"https:\/\/italsky-preklad.hiseo.cz\/wp-content\/uploads\/2024\/12\/1-2.webp\" data-elementor-open-lightbox=\"no\">\n\t\t\t\t\t<div class=\"e-gallery-image elementor-gallery-item__image\" data-thumbnail=\"https:\/\/italsky-preklad.hiseo.cz\/wp-content\/uploads\/2024\/12\/1-2.webp\" data-width=\"256\" data-height=\"150\" aria-label=\"\" role=\"img\" ><\/div>\n\t\t\t\t\t\t\t\t\t\t\t\t\t\t<\/a>\n\t\t\t\t\t\t\t<a class=\"e-gallery-item elementor-gallery-item elementor-animated-content\" href=\"https:\/\/italsky-preklad.hiseo.cz\/wp-content\/uploads\/2024\/12\/2.webp\" data-elementor-open-lightbox=\"no\">\n\t\t\t\t\t<div class=\"e-gallery-image elementor-gallery-item__image\" data-thumbnail=\"https:\/\/italsky-preklad.hiseo.cz\/wp-content\/uploads\/2024\/12\/2.webp\" data-width=\"258\" data-height=\"150\" aria-label=\"\" role=\"img\" ><\/div>\n\t\t\t\t\t\t\t\t\t\t\t\t\t\t<\/a>\n\t\t\t\t\t\t\t<a class=\"e-gallery-item elementor-gallery-item elementor-animated-content\" href=\"https:\/\/italsky-preklad.hiseo.cz\/wp-content\/uploads\/2024\/12\/6.webp\" data-elementor-open-lightbox=\"no\">\n\t\t\t\t\t<div class=\"e-gallery-image elementor-gallery-item__image\" data-thumbnail=\"https:\/\/italsky-preklad.hiseo.cz\/wp-content\/uploads\/2024\/12\/6.webp\" data-width=\"257\" data-height=\"150\" aria-label=\"\" role=\"img\" ><\/div>\n\t\t\t\t\t\t\t\t\t\t\t\t\t\t<\/a>\n\t\t\t\t\t\t\t<a class=\"e-gallery-item elementor-gallery-item elementor-animated-content\" href=\"https:\/\/italsky-preklad.hiseo.cz\/wp-content\/uploads\/2024\/12\/5.webp\" data-elementor-open-lightbox=\"no\">\n\t\t\t\t\t<div class=\"e-gallery-image elementor-gallery-item__image\" data-thumbnail=\"https:\/\/italsky-preklad.hiseo.cz\/wp-content\/uploads\/2024\/12\/5.webp\" data-width=\"257\" data-height=\"150\" aria-label=\"\" role=\"img\" ><\/div>\n\t\t\t\t\t\t\t\t\t\t\t\t\t\t<\/a>\n\t\t\t\t\t\t\t<a class=\"e-gallery-item elementor-gallery-item elementor-animated-content\" href=\"https:\/\/italsky-preklad.hiseo.cz\/wp-content\/uploads\/2024\/12\/3.webp\" data-elementor-open-lightbox=\"no\">\n\t\t\t\t\t<div class=\"e-gallery-image elementor-gallery-item__image\" data-thumbnail=\"https:\/\/italsky-preklad.hiseo.cz\/wp-content\/uploads\/2024\/12\/3.webp\" data-width=\"257\" data-height=\"150\" aria-label=\"\" role=\"img\" ><\/div>\n\t\t\t\t\t\t\t\t\t\t\t\t\t\t<\/a>\n\t\t\t\t\t\t\t<a class=\"e-gallery-item elementor-gallery-item elementor-animated-content\" href=\"https:\/\/italsky-preklad.hiseo.cz\/wp-content\/uploads\/2024\/12\/4.webp\" data-elementor-open-lightbox=\"no\">\n\t\t\t\t\t<div class=\"e-gallery-image elementor-gallery-item__image\" data-thumbnail=\"https:\/\/italsky-preklad.hiseo.cz\/wp-content\/uploads\/2024\/12\/4.webp\" data-width=\"257\" data-height=\"150\" aria-label=\"\" role=\"img\" ><\/div>\n\t\t\t\t\t\t\t\t\t\t\t\t\t\t<\/a>\n\t\t\t\t\t<\/div>\n\t\t\t\t\t<\/div>\n\t\t\t\t<\/div>\n\t\t\t\t<\/div>\n\t\t\t\t<\/div>","protected":false},"excerpt":{"rendered":"<p>Riferimento<\/p>","protected":false},"author":1,"featured_media":0,"parent":0,"menu_order":0,"comment_status":"closed","ping_status":"closed","template":"","meta":{"footnotes":""},"class_list":["post-330","page","type-page","status-publish","hentry"],"yoast_head":"<!-- This site is optimized with the Yoast SEO plugin v24.1 - https:\/\/yoast.com\/wordpress\/plugins\/seo\/ -->\n<title>Reference - italsky-preklad<\/title>\n<meta name=\"robots\" content=\"index, follow, max-snippet:-1, max-image-preview:large, max-video-preview:-1\" \/>\n<link rel=\"canonical\" href=\"https:\/\/italsky-preklad.hiseo.cz\/it\/reference\/\" \/>\n<meta property=\"og:locale\" content=\"it_IT\" \/>\n<meta property=\"og:type\" content=\"article\" \/>\n<meta property=\"og:title\" content=\"Reference - italsky-preklad\" \/>\n<meta property=\"og:description\" content=\"Reference\" \/>\n<meta property=\"og:url\" content=\"https:\/\/italsky-preklad.hiseo.cz\/it\/reference\/\" \/>\n<meta property=\"og:site_name\" content=\"italsky-preklad\" \/>\n<meta property=\"article:modified_time\" content=\"2025-02-26T09:41:06+00:00\" \/>\n<meta name=\"twitter:card\" content=\"summary_large_image\" \/>\n<meta name=\"twitter:label1\" content=\"Tempo di lettura stimato\" \/>\n\t<meta name=\"twitter:data1\" content=\"1 minuto\" \/>\n<script type=\"application\/ld+json\" class=\"yoast-schema-graph\">{\"@context\":\"https:\/\/schema.org\",\"@graph\":[{\"@type\":\"WebPage\",\"@id\":\"https:\/\/italsky-preklad.hiseo.cz\/reference\/\",\"url\":\"https:\/\/italsky-preklad.hiseo.cz\/reference\/\",\"name\":\"Reference - italsky-preklad\",\"isPartOf\":{\"@id\":\"https:\/\/italsky-preklad.hiseo.cz\/#website\"},\"datePublished\":\"2025-01-09T22:26:14+00:00\",\"dateModified\":\"2025-02-26T09:41:06+00:00\",\"breadcrumb\":{\"@id\":\"https:\/\/italsky-preklad.hiseo.cz\/reference\/#breadcrumb\"},\"inLanguage\":\"it-IT\",\"potentialAction\":[{\"@type\":\"ReadAction\",\"target\":[\"https:\/\/italsky-preklad.hiseo.cz\/reference\/\"]}]},{\"@type\":\"BreadcrumbList\",\"@id\":\"https:\/\/italsky-preklad.hiseo.cz\/reference\/#breadcrumb\",\"itemListElement\":[{\"@type\":\"ListItem\",\"position\":1,\"name\":\"Dom\u016f\",\"item\":\"https:\/\/italsky-preklad.hiseo.cz\/\"},{\"@type\":\"ListItem\",\"position\":2,\"name\":\"Reference\"}]},{\"@type\":\"WebSite\",\"@id\":\"https:\/\/italsky-preklad.hiseo.cz\/#website\",\"url\":\"https:\/\/italsky-preklad.hiseo.cz\/\",\"name\":\"italsky-preklad\",\"description\":\"Italsk\u00fd p\u0159eklad | Soudn\u00ed p\u0159eklady do ital\u0161tiny | Tlumo\u010den\u00ed | P\u0159eklady | Vytvo\u0159ilo studio hiSEO.cz\",\"publisher\":{\"@id\":\"https:\/\/italsky-preklad.hiseo.cz\/#organization\"},\"potentialAction\":[{\"@type\":\"SearchAction\",\"target\":{\"@type\":\"EntryPoint\",\"urlTemplate\":\"https:\/\/italsky-preklad.hiseo.cz\/?s={search_term_string}\"},\"query-input\":{\"@type\":\"PropertyValueSpecification\",\"valueRequired\":true,\"valueName\":\"search_term_string\"}}],\"inLanguage\":\"it-IT\"},{\"@type\":\"Organization\",\"@id\":\"https:\/\/italsky-preklad.hiseo.cz\/#organization\",\"name\":\"italsky-preklad\",\"url\":\"https:\/\/italsky-preklad.hiseo.cz\/\",\"logo\":{\"@type\":\"ImageObject\",\"inLanguage\":\"it-IT\",\"@id\":\"https:\/\/italsky-preklad.hiseo.cz\/#\/schema\/logo\/image\/\",\"url\":\"https:\/\/italsky-preklad.hiseo.cz\/wp-content\/uploads\/2024\/12\/Snimek-obrazovky-2024-12-20-v-1.32.13.webp\",\"contentUrl\":\"https:\/\/italsky-preklad.hiseo.cz\/wp-content\/uploads\/2024\/12\/Snimek-obrazovky-2024-12-20-v-1.32.13.webp\",\"width\":404,\"height\":86,\"caption\":\"italsky-preklad\"},\"image\":{\"@id\":\"https:\/\/italsky-preklad.hiseo.cz\/#\/schema\/logo\/image\/\"}}]}<\/script>\n<!-- \/ Yoast SEO plugin. -->","yoast_head_json":{"title":"Reference - italsky-preklad","robots":{"index":"index","follow":"follow","max-snippet":"max-snippet:-1","max-image-preview":"max-image-preview:large","max-video-preview":"max-video-preview:-1"},"canonical":"https:\/\/italsky-preklad.hiseo.cz\/it\/reference\/","og_locale":"it_IT","og_type":"article","og_title":"Reference - italsky-preklad","og_description":"Reference","og_url":"https:\/\/italsky-preklad.hiseo.cz\/it\/reference\/","og_site_name":"italsky-preklad","article_modified_time":"2025-02-26T09:41:06+00:00","twitter_card":"summary_large_image","twitter_misc":{"Tempo di lettura stimato":"1 minuto"},"schema":{"@context":"https:\/\/schema.org","@graph":[{"@type":"WebPage","@id":"https:\/\/italsky-preklad.hiseo.cz\/reference\/","url":"https:\/\/italsky-preklad.hiseo.cz\/reference\/","name":"Reference - italsky-preklad","isPartOf":{"@id":"https:\/\/italsky-preklad.hiseo.cz\/#website"},"datePublished":"2025-01-09T22:26:14+00:00","dateModified":"2025-02-26T09:41:06+00:00","breadcrumb":{"@id":"https:\/\/italsky-preklad.hiseo.cz\/reference\/#breadcrumb"},"inLanguage":"it-IT","potentialAction":[{"@type":"ReadAction","target":["https:\/\/italsky-preklad.hiseo.cz\/reference\/"]}]},{"@type":"BreadcrumbList","@id":"https:\/\/italsky-preklad.hiseo.cz\/reference\/#breadcrumb","itemListElement":[{"@type":"ListItem","position":1,"name":"Dom\u016f","item":"https:\/\/italsky-preklad.hiseo.cz\/"},{"@type":"ListItem","position":2,"name":"Reference"}]},{"@type":"WebSite","@id":"https:\/\/italsky-preklad.hiseo.cz\/#website","url":"https:\/\/italsky-preklad.hiseo.cz\/","name":"italsky-preklad","description":"Italsk\u00fd p\u0159eklad | Soudn\u00ed p\u0159eklady do ital\u0161tiny | Tlumo\u010den\u00ed | P\u0159eklady | Vytvo\u0159ilo studio hiSEO.cz","publisher":{"@id":"https:\/\/italsky-preklad.hiseo.cz\/#organization"},"potentialAction":[{"@type":"SearchAction","target":{"@type":"EntryPoint","urlTemplate":"https:\/\/italsky-preklad.hiseo.cz\/?s={search_term_string}"},"query-input":{"@type":"PropertyValueSpecification","valueRequired":true,"valueName":"search_term_string"}}],"inLanguage":"it-IT"},{"@type":"Organization","@id":"https:\/\/italsky-preklad.hiseo.cz\/#organization","name":"italsky-preklad","url":"https:\/\/italsky-preklad.hiseo.cz\/","logo":{"@type":"ImageObject","inLanguage":"it-IT","@id":"https:\/\/italsky-preklad.hiseo.cz\/#\/schema\/logo\/image\/","url":"https:\/\/italsky-preklad.hiseo.cz\/wp-content\/uploads\/2024\/12\/Snimek-obrazovky-2024-12-20-v-1.32.13.webp","contentUrl":"https:\/\/italsky-preklad.hiseo.cz\/wp-content\/uploads\/2024\/12\/Snimek-obrazovky-2024-12-20-v-1.32.13.webp","width":404,"height":86,"caption":"italsky-preklad"},"image":{"@id":"https:\/\/italsky-preklad.hiseo.cz\/#\/schema\/logo\/image\/"}}]}},"_links":{"self":[{"href":"https:\/\/italsky-preklad.hiseo.cz\/it\/wp-json\/wp\/v2\/pages\/330","targetHints":{"allow":["GET"]}}],"collection":[{"href":"https:\/\/italsky-preklad.hiseo.cz\/it\/wp-json\/wp\/v2\/pages"}],"about":[{"href":"https:\/\/italsky-preklad.hiseo.cz\/it\/wp-json\/wp\/v2\/types\/page"}],"author":[{"embeddable":true,"href":"https:\/\/italsky-preklad.hiseo.cz\/it\/wp-json\/wp\/v2\/users\/1"}],"replies":[{"embeddable":true,"href":"https:\/\/italsky-preklad.hiseo.cz\/it\/wp-json\/wp\/v2\/comments?post=330"}],"version-history":[{"count":10,"href":"https:\/\/italsky-preklad.hiseo.cz\/it\/wp-json\/wp\/v2\/pages\/330\/revisions"}],"predecessor-version":[{"id":591,"href":"https:\/\/italsky-preklad.hiseo.cz\/it\/wp-json\/wp\/v2\/pages\/330\/revisions\/591"}],"wp:attachment":[{"href":"https:\/\/italsky-preklad.hiseo.cz\/it\/wp-json\/wp\/v2\/media?parent=330"}],"curies":[{"name":"wp","href":"https:\/\/api.w.org\/{rel}","templated":true}]}}